{"id":8,"date":"2023-12-19T20:37:18","date_gmt":"2023-12-19T23:37:18","guid":{"rendered":"http:\/\/amorachic.com.br\/?page_id=8"},"modified":"2024-04-23T19:32:29","modified_gmt":"2024-04-23T22:32:29","slug":"estilo-moda","status":"publish","type":"page","link":"https:\/\/amorachic.com.br\/?page_id=8","title":{"rendered":"ESTILO &#038; MODA"},"content":{"rendered":"<div class=\"wp-block-image\">\n<figure class=\"aligncenter size-full\"><img decoding=\"async\" loading=\"lazy\" width=\"1024\" height=\"768\" src=\"https:\/\/amorachic.com.br\/wp-content\/uploads\/2023\/12\/Fotos-tendencias-maquiagem-moda-feminina-1.webp\" alt=\"\" class=\"wp-image-45\" srcset=\"https:\/\/amorachic.com.br\/wp-content\/uploads\/2023\/12\/Fotos-tendencias-maquiagem-moda-feminina-1.webp 1024w, https:\/\/amorachic.com.br\/wp-content\/uploads\/2023\/12\/Fotos-tendencias-maquiagem-moda-feminina-1-300x225.webp 300w, https:\/\/amorachic.com.br\/wp-content\/uploads\/2023\/12\/Fotos-tendencias-maquiagem-moda-feminina-1-768x576.webp 768w\" sizes=\"(max-width: 1024px) 100vw, 1024px\" \/><\/figure><\/div>\n\n\n<p><strong>Na verdade quem faz o estilo \u00e9 voc\u00ea e a moda te acompanha de acordo com sua escolha de estilo.<\/strong><\/p>\n\n\n\n<p><strong>\u00c9 verdade, a moda \u00e9 uma aliada nessa jornada de autoexpress\u00e3o, adaptando-se \u00e0s escolhas de estilo de cada mulher. No entanto, \u00e9 ela quem dita as regras, quem molda seu pr\u00f3prio caminho estil\u00edstico, transformando o vestir em uma forma de arte pessoal e intransfer\u00edvel.<\/strong><\/p>\n\n\n<div class=\"wp-block-image\">\n<figure class=\"aligncenter size-large\"><img decoding=\"async\" loading=\"lazy\" width=\"1024\" height=\"683\" src=\"https:\/\/amorachic.com.br\/wp-content\/uploads\/2024\/02\/Looks-Coloridos-para-qualquer-ocas-1024x683.jpeg\" alt=\"\" class=\"wp-image-121\" srcset=\"https:\/\/amorachic.com.br\/wp-content\/uploads\/2024\/02\/Looks-Coloridos-para-qualquer-ocas-1024x683.jpeg 1024w, https:\/\/amorachic.com.br\/wp-content\/uploads\/2024\/02\/Looks-Coloridos-para-qualquer-ocas-300x200.jpeg 300w, https:\/\/amorachic.com.br\/wp-content\/uploads\/2024\/02\/Looks-Coloridos-para-qualquer-ocas-768x512.jpeg 768w, https:\/\/amorachic.com.br\/wp-content\/uploads\/2024\/02\/Looks-Coloridos-para-qualquer-ocas.jpeg 1140w\" sizes=\"(max-width: 1024px) 100vw, 1024px\" \/><\/figure><\/div>\n\n\n<p><strong>Para algumas, o estilo \u00e9 sin\u00f4nimo de simplicidade e sofistica\u00e7\u00e3o, optando por pe\u00e7as atemporais e cortes impec\u00e1veis que transcendem modismos passageiros. Outras encontram sua voz atrav\u00e9s do colorido vibrante e das estampas arrojadas, criando looks que irradiam energia e confian\u00e7a.<\/strong><\/p>\n\n\n\n<div class=\"wp-block-cover aligncenter is-light\"><span aria-hidden=\"true\" class=\"wp-block-cover__background has-background-dim\"><\/span><img decoding=\"async\" loading=\"lazy\" width=\"800\" height=\"560\" class=\"wp-block-cover__image-background wp-image-122\" alt=\"\" src=\"https:\/\/amorachic.com.br\/wp-content\/uploads\/2024\/02\/look-de-diversos-estilos.jpg\" data-object-fit=\"cover\" srcset=\"https:\/\/amorachic.com.br\/wp-content\/uploads\/2024\/02\/look-de-diversos-estilos.jpg 800w, https:\/\/amorachic.com.br\/wp-content\/uploads\/2024\/02\/look-de-diversos-estilos-300x210.jpg 300w, https:\/\/amorachic.com.br\/wp-content\/uploads\/2024\/02\/look-de-diversos-estilos-768x538.jpg 768w\" sizes=\"(max-width: 800px) 100vw, 800px\" \/><div class=\"wp-block-cover__inner-container is-layout-flow wp-block-cover-is-layout-flow\">\n<p class=\"has-text-align-center has-large-font-size\"><\/p>\n<\/div><\/div>\n\n\n\n<p><strong>N\u00e3o importa o estilo escolhido, o que realmente importa \u00e9 a autenticidade e a confian\u00e7a com que cada mulher carrega suas escolhas. Ela \u00e9 a pr\u00f3pria defini\u00e7\u00e3o de estilo, e a moda simplesmente a acompanha em sua jornada de autoexpress\u00e3o e empoderamento. Porque, no fim das contas, quem faz o estilo \u00e9 ela mesma.<\/strong><\/p>\n\n\n\n<p> <strong>Nestas imagens demonstramos os variados looks e possibilidades. <\/strong><\/p>\n\n\n\n<p><\/p>\n\n\n<div class=\"wp-block-image\">\n<figure class=\"aligncenter size-large\"><img decoding=\"async\" loading=\"lazy\" width=\"1024\" height=\"576\" src=\"https:\/\/amorachic.com.br\/wp-content\/uploads\/2024\/02\/look-feminino-primavera-verao-1200x675-1-1024x576.jpeg\" alt=\"\" class=\"wp-image-120\" srcset=\"https:\/\/amorachic.com.br\/wp-content\/uploads\/2024\/02\/look-feminino-primavera-verao-1200x675-1-1024x576.jpeg 1024w, https:\/\/amorachic.com.br\/wp-content\/uploads\/2024\/02\/look-feminino-primavera-verao-1200x675-1-300x169.jpeg 300w, https:\/\/amorachic.com.br\/wp-content\/uploads\/2024\/02\/look-feminino-primavera-verao-1200x675-1-768x432.jpeg 768w, https:\/\/amorachic.com.br\/wp-content\/uploads\/2024\/02\/look-feminino-primavera-verao-1200x675-1.jpeg 1200w\" sizes=\"(max-width: 1024px) 100vw, 1024px\" \/><\/figure><\/div>\n\n\n<div class=\"wp-block-group is-vertical is-layout-flex wp-container-2 wp-block-group-is-layout-flex\">\n<p><strong>Nos dias de hoje, a mulher \u00e9 uma verdadeira mestra da autenticidade e da diversidade quando se trata de estilo. Ela n\u00e3o se limita a seguir tend\u00eancias passageiras, mas sim a moldar sua pr\u00f3pria identidade atrav\u00e9s de uma infinidade de estilos que refletem sua personalidade multifacetada<\/strong>.<\/p>\n\n\n\n<p><strong>N\u00e3o importa o estilo escolhido, o que realmente importa \u00e9 a autenticidade e a confian\u00e7a com que cad<\/strong>a <strong>mulher carrega suas escolhas. Ela \u00e9 a pr\u00f3pria defini\u00e7\u00e3o de estilo, e a moda simplesmente a <\/strong>acompanha em sua <strong>jornada de autoexpress\u00e3o e empoderamento. Porque, no fim das contas, quem faz o estilo \u00e9 ela <\/strong>mesma.<\/p>\n<\/div>\n\n\n\n<p><\/p>\n","protected":false},"excerpt":{"rendered":"<p>Na verdade quem faz o estilo \u00e9 voc\u00ea e a moda te acompanha de acordo com sua escolha de estilo.&hellip;<\/p>\n","protected":false},"author":1,"featured_media":0,"parent":0,"menu_order":0,"comment_status":"closed","ping_status":"closed","template":"","meta":{"om_disable_all_campaigns":false,"_monsterinsights_skip_tracking":false,"_monsterinsights_sitenote_active":false,"_monsterinsights_sitenote_note":"","_monsterinsights_sitenote_category":0,"footnotes":""},"aioseo_notices":[],"_links":{"self":[{"href":"https:\/\/amorachic.com.br\/index.php?rest_route=\/wp\/v2\/pages\/8"}],"collection":[{"href":"https:\/\/amorachic.com.br\/index.php?rest_route=\/wp\/v2\/pages"}],"about":[{"href":"https:\/\/amorachic.com.br\/index.php?rest_route=\/wp\/v2\/types\/page"}],"author":[{"embeddable":true,"href":"https:\/\/amorachic.com.br\/index.php?rest_route=\/wp\/v2\/users\/1"}],"replies":[{"embeddable":true,"href":"https:\/\/amorachic.com.br\/index.php?rest_route=%2Fwp%2Fv2%2Fcomments&post=8"}],"version-history":[{"count":10,"href":"https:\/\/amorachic.com.br\/index.php?rest_route=\/wp\/v2\/pages\/8\/revisions"}],"predecessor-version":[{"id":228,"href":"https:\/\/amorachic.com.br\/index.php?rest_route=\/wp\/v2\/pages\/8\/revisions\/228"}],"wp:attachment":[{"href":"https:\/\/amorachic.com.br\/index.php?rest_route=%2Fwp%2Fv2%2Fmedia&parent=8"}],"curies":[{"name":"wp","href":"https:\/\/api.w.org\/{rel}","templated":true}]}}